{"id":63,"date":"2023-01-31T07:45:07","date_gmt":"2023-01-31T06:45:07","guid":{"rendered":"http:\/\/xuemcly.cluster031.hosting.ovh.net\/?page_id=63"},"modified":"2024-12-02T13:55:19","modified_gmt":"2024-12-02T12:55:19","slug":"partenaires","status":"publish","type":"page","link":"https:\/\/bambasitos.com\/index.php\/partenaires\/","title":{"rendered":"Partenaires institutionnels"},"content":{"rendered":"\n<div class=\"wp-block-columns is-layout-flex wp-container-core-columns-is-layout-28f84493 wp-block-columns-is-layout-flex\">\n<div class=\"wp-block-column is-layout-flow wp-block-column-is-layout-flow\">\n<figure class=\"wp-block-image size-full is-resized\"><a href=\"https:\/\/www.gers.fr\/\" target=\"_blank\" rel=\"noreferrer noopener\"><img loading=\"lazy\" decoding=\"async\" width=\"833\" height=\"930\" src=\"http:\/\/xuemcly.cluster031.hosting.ovh.net\/wp-content\/uploads\/2023\/02\/gers.jpg\" alt=\"\" class=\"wp-image-228\" srcset=\"https:\/\/bambasitos.com\/wp-content\/uploads\/2023\/02\/gers.jpg 833w, https:\/\/bambasitos.com\/wp-content\/uploads\/2023\/02\/gers-269x300.jpg 269w, https:\/\/bambasitos.com\/wp-content\/uploads\/2023\/02\/gers-768x857.jpg 768w\" sizes=\"auto, (max-width: 833px) 100vw, 833px\" \/><\/a><figcaption class=\"wp-element-caption\">D\u00e9partement du Gers<\/figcaption><\/figure>\n<\/div>\n\n\n\n<div class=\"wp-block-column is-layout-flow wp-block-column-is-layout-flow\">\n<figure class=\"wp-block-image size-full\"><a href=\"https:\/\/www.laregion.fr\/\" target=\"_blank\" rel=\"noreferrer noopener\"><img loading=\"lazy\" decoding=\"async\" width=\"854\" height=\"854\" src=\"http:\/\/xuemcly.cluster031.hosting.ovh.net\/wp-content\/uploads\/2023\/02\/Logo-Region-854x854-1.jpg\" alt=\"\" class=\"wp-image-226\" srcset=\"https:\/\/bambasitos.com\/wp-content\/uploads\/2023\/02\/Logo-Region-854x854-1.jpg 854w, https:\/\/bambasitos.com\/wp-content\/uploads\/2023\/02\/Logo-Region-854x854-1-300x300.jpg 300w, https:\/\/bambasitos.com\/wp-content\/uploads\/2023\/02\/Logo-Region-854x854-1-150x150.jpg 150w, https:\/\/bambasitos.com\/wp-content\/uploads\/2023\/02\/Logo-Region-854x854-1-768x768.jpg 768w\" sizes=\"auto, (max-width: 854px) 100vw, 854px\" \/><\/a><figcaption class=\"wp-element-caption\">R\u00e9gion Occitanie<\/figcaption><\/figure>\n<\/div>\n\n\n\n<div class=\"wp-block-column is-layout-flow wp-block-column-is-layout-flow\">\n<figure class=\"wp-block-image size-full\"><a href=\"https:\/\/www.addagers.fr\/\" target=\"_blank\" rel=\"noreferrer noopener\"><img loading=\"lazy\" decoding=\"async\" width=\"354\" height=\"354\" src=\"http:\/\/xuemcly.cluster031.hosting.ovh.net\/wp-content\/uploads\/2023\/02\/307967991_415016610759974_2904496374960575415_n.jpg\" alt=\"\" class=\"wp-image-229\" srcset=\"https:\/\/bambasitos.com\/wp-content\/uploads\/2023\/02\/307967991_415016610759974_2904496374960575415_n.jpg 354w, https:\/\/bambasitos.com\/wp-content\/uploads\/2023\/02\/307967991_415016610759974_2904496374960575415_n-300x300.jpg 300w, https:\/\/bambasitos.com\/wp-content\/uploads\/2023\/02\/307967991_415016610759974_2904496374960575415_n-150x150.jpg 150w\" sizes=\"auto, (max-width: 354px) 100vw, 354px\" \/><\/a><figcaption class=\"wp-element-caption\">ADDA du Gers<\/figcaption><\/figure>\n<\/div>\n\n\n\n<div class=\"wp-block-column is-layout-flow wp-block-column-is-layout-flow\">\n<figure class=\"wp-block-image size-large\"><img loading=\"lazy\" decoding=\"async\" width=\"1024\" height=\"1024\" src=\"https:\/\/bambasitos.com\/wp-content\/uploads\/2023\/12\/Logo-Culture-1024x1024.jpg\" alt=\"\" class=\"wp-image-1078\" srcset=\"https:\/\/bambasitos.com\/wp-content\/uploads\/2023\/12\/Logo-Culture-1024x1024.jpg 1024w, https:\/\/bambasitos.com\/wp-content\/uploads\/2023\/12\/Logo-Culture-300x300.jpg 300w, https:\/\/bambasitos.com\/wp-content\/uploads\/2023\/12\/Logo-Culture-150x150.jpg 150w, https:\/\/bambasitos.com\/wp-content\/uploads\/2023\/12\/Logo-Culture-768x768.jpg 768w, https:\/\/bambasitos.com\/wp-content\/uploads\/2023\/12\/Logo-Culture-1536x1536.jpg 1536w, https:\/\/bambasitos.com\/wp-content\/uploads\/2023\/12\/Logo-Culture.jpg 2000w\" sizes=\"auto, (max-width: 1024px) 100vw, 1024px\" \/><figcaption class=\"wp-element-caption\">DRAC Occitanie \/ Minist\u00e8re de la Culture<\/figcaption><\/figure>\n<\/div>\n\n\n\n<div class=\"wp-block-column is-layout-flow wp-block-column-is-layout-flow\">\n<figure class=\"wp-block-image size-full\"><img loading=\"lazy\" decoding=\"async\" width=\"474\" height=\"436\" src=\"https:\/\/bambasitos.com\/wp-content\/uploads\/2024\/12\/th-2898048304.jpg\" alt=\"\" class=\"wp-image-1603\" srcset=\"https:\/\/bambasitos.com\/wp-content\/uploads\/2024\/12\/th-2898048304.jpg 474w, https:\/\/bambasitos.com\/wp-content\/uploads\/2024\/12\/th-2898048304-300x276.jpg 300w\" sizes=\"auto, (max-width: 474px) 100vw, 474px\" \/><figcaption class=\"wp-element-caption\">Pr\u00e9fecture de la r\u00e9gion Occitanie<\/figcaption><\/figure>\n<\/div>\n\n\n\n<div class=\"wp-block-column is-layout-flow wp-block-column-is-layout-flow\">\n<figure class=\"wp-block-image size-full\"><img loading=\"lazy\" decoding=\"async\" width=\"667\" height=\"603\" src=\"https:\/\/bambasitos.com\/wp-content\/uploads\/2023\/03\/logo-ville-dEauze.jpg\" alt=\"\" class=\"wp-image-355\" srcset=\"https:\/\/bambasitos.com\/wp-content\/uploads\/2023\/03\/logo-ville-dEauze.jpg 667w, https:\/\/bambasitos.com\/wp-content\/uploads\/2023\/03\/logo-ville-dEauze-300x271.jpg 300w\" sizes=\"auto, (max-width: 667px) 100vw, 667px\" \/><figcaption class=\"wp-element-caption\">Ville d&rsquo;Eauze<\/figcaption><\/figure>\n<\/div>\n<\/div>\n\n\n\n<h2 class=\"wp-block-heading has-huge-font-size\"><strong>Partenaires priv\u00e9s<\/strong><\/h2>\n\n\n\n<div class=\"wp-block-columns has-background is-layout-flex wp-container-core-columns-is-layout-28f84493 wp-block-columns-is-layout-flex\" style=\"background-color:#d3e5f1\">\n<div class=\"wp-block-column is-layout-flow wp-block-column-is-layout-flow\">\n<figure class=\"wp-block-image size-full\"><a href=\"https:\/\/agences.abeille-assurances.fr\/eauze\/\" target=\"_blank\" rel=\"noreferrer noopener\"><img loading=\"lazy\" decoding=\"async\" width=\"591\" height=\"354\" src=\"https:\/\/bambasitos.com\/wp-content\/uploads\/2023\/02\/Abeille-assurances-Eauze.jpg\" alt=\"\" class=\"wp-image-309\" srcset=\"https:\/\/bambasitos.com\/wp-content\/uploads\/2023\/02\/Abeille-assurances-Eauze.jpg 591w, https:\/\/bambasitos.com\/wp-content\/uploads\/2023\/02\/Abeille-assurances-Eauze-300x180.jpg 300w\" sizes=\"auto, (max-width: 591px) 100vw, 591px\" \/><\/a><\/figure>\n\n\n\n<figure class=\"wp-block-image size-full\"><a href=\"https:\/\/www.testit-ecigarette-eliquide.com\/\" target=\"_blank\" rel=\"noreferrer noopener\"><img loading=\"lazy\" decoding=\"async\" width=\"1004\" height=\"650\" src=\"http:\/\/xuemcly.cluster031.hosting.ovh.net\/wp-content\/uploads\/2023\/02\/Carte-Test-It.jpg\" alt=\"\" class=\"wp-image-208\" srcset=\"https:\/\/bambasitos.com\/wp-content\/uploads\/2023\/02\/Carte-Test-It.jpg 1004w, https:\/\/bambasitos.com\/wp-content\/uploads\/2023\/02\/Carte-Test-It-300x194.jpg 300w, https:\/\/bambasitos.com\/wp-content\/uploads\/2023\/02\/Carte-Test-It-768x497.jpg 768w\" sizes=\"auto, (max-width: 1004px) 100vw, 1004px\" \/><\/a><\/figure>\n\n\n\n<figure class=\"wp-block-image size-large\"><a href=\"https:\/\/www.armagnac-jean-cave.fr\/\" target=\"_blank\" rel=\"noreferrer noopener\"><img loading=\"lazy\" decoding=\"async\" width=\"1024\" height=\"640\" src=\"http:\/\/xuemcly.cluster031.hosting.ovh.net\/wp-content\/uploads\/2023\/02\/jean-cave-1024x640.jpg\" alt=\"\" class=\"wp-image-212\" srcset=\"https:\/\/bambasitos.com\/wp-content\/uploads\/2023\/02\/jean-cave-1024x640.jpg 1024w, https:\/\/bambasitos.com\/wp-content\/uploads\/2023\/02\/jean-cave-300x188.jpg 300w, https:\/\/bambasitos.com\/wp-content\/uploads\/2023\/02\/jean-cave-768x480.jpg 768w, https:\/\/bambasitos.com\/wp-content\/uploads\/2023\/02\/jean-cave-1536x960.jpg 1536w, https:\/\/bambasitos.com\/wp-content\/uploads\/2023\/02\/jean-cave-2048x1280.jpg 2048w\" sizes=\"auto, (max-width: 1024px) 100vw, 1024px\" \/><\/a><\/figure>\n\n\n\n<figure class=\"wp-block-image size-large\"><a href=\"https:\/\/www.armagnac-duffau.com\/\" target=\"_blank\" rel=\"noreferrer noopener\"><img loading=\"lazy\" decoding=\"async\" width=\"1024\" height=\"307\" src=\"http:\/\/xuemcly.cluster031.hosting.ovh.net\/wp-content\/uploads\/2023\/02\/LOGO-Armagnac-DUFFAU-1024x307.jpg\" alt=\"\" class=\"wp-image-215\" srcset=\"https:\/\/bambasitos.com\/wp-content\/uploads\/2023\/02\/LOGO-Armagnac-DUFFAU-1024x307.jpg 1024w, https:\/\/bambasitos.com\/wp-content\/uploads\/2023\/02\/LOGO-Armagnac-DUFFAU-300x90.jpg 300w, https:\/\/bambasitos.com\/wp-content\/uploads\/2023\/02\/LOGO-Armagnac-DUFFAU-768x230.jpg 768w, https:\/\/bambasitos.com\/wp-content\/uploads\/2023\/02\/LOGO-Armagnac-DUFFAU-1536x460.jpg 1536w, https:\/\/bambasitos.com\/wp-content\/uploads\/2023\/02\/LOGO-Armagnac-DUFFAU.jpg 1563w\" sizes=\"auto, (max-width: 1024px) 100vw, 1024px\" \/><\/a><\/figure>\n\n\n\n<figure class=\"wp-block-image size-large\"><a href=\"https:\/\/www.facebook.com\/Laterredhu\/\" target=\"_blank\" rel=\"noreferrer noopener\"><img loading=\"lazy\" decoding=\"async\" width=\"1024\" height=\"512\" src=\"http:\/\/xuemcly.cluster031.hosting.ovh.net\/wp-content\/uploads\/2023\/02\/TERREDHU-1024x512.jpg\" alt=\"\" class=\"wp-image-218\" srcset=\"https:\/\/bambasitos.com\/wp-content\/uploads\/2023\/02\/TERREDHU-1024x512.jpg 1024w, https:\/\/bambasitos.com\/wp-content\/uploads\/2023\/02\/TERREDHU-300x150.jpg 300w, https:\/\/bambasitos.com\/wp-content\/uploads\/2023\/02\/TERREDHU-768x384.jpg 768w, https:\/\/bambasitos.com\/wp-content\/uploads\/2023\/02\/TERREDHU-1536x768.jpg 1536w, https:\/\/bambasitos.com\/wp-content\/uploads\/2023\/02\/TERREDHU-2048x1024.jpg 2048w\" sizes=\"auto, (max-width: 1024px) 100vw, 1024px\" \/><\/a><\/figure>\n\n\n\n<figure class=\"wp-block-image size-full\"><a href=\"https:\/\/www.picardon.fr\/\" target=\"_blank\" rel=\"noreferrer noopener\"><img loading=\"lazy\" decoding=\"async\" width=\"634\" height=\"307\" src=\"http:\/\/xuemcly.cluster031.hosting.ovh.net\/wp-content\/uploads\/2023\/02\/41d934ca183d.png\" alt=\"\" class=\"wp-image-221\" srcset=\"https:\/\/bambasitos.com\/wp-content\/uploads\/2023\/02\/41d934ca183d.png 634w, https:\/\/bambasitos.com\/wp-content\/uploads\/2023\/02\/41d934ca183d-300x145.png 300w\" sizes=\"auto, (max-width: 634px) 100vw, 634px\" \/><\/a><\/figure>\n\n\n\n<figure class=\"wp-block-image size-large\"><a href=\"http:\/\/optiquefaget.com\/\" target=\"_blank\" rel=\"noreferrer noopener\"><img loading=\"lazy\" decoding=\"async\" width=\"1024\" height=\"1024\" src=\"https:\/\/bambasitos.com\/wp-content\/uploads\/2023\/02\/logo-optika-eaze-1024x1024.png\" alt=\"\" class=\"wp-image-313\" srcset=\"https:\/\/bambasitos.com\/wp-content\/uploads\/2023\/02\/logo-optika-eaze-1024x1024.png 1024w, https:\/\/bambasitos.com\/wp-content\/uploads\/2023\/02\/logo-optika-eaze-300x300.png 300w, https:\/\/bambasitos.com\/wp-content\/uploads\/2023\/02\/logo-optika-eaze-150x150.png 150w, https:\/\/bambasitos.com\/wp-content\/uploads\/2023\/02\/logo-optika-eaze-768x768.png 768w, https:\/\/bambasitos.com\/wp-content\/uploads\/2023\/02\/logo-optika-eaze.png 1214w\" sizes=\"auto, (max-width: 1024px) 100vw, 1024px\" \/><\/a><\/figure>\n\n\n\n<figure class=\"wp-block-image size-large\"><img loading=\"lazy\" decoding=\"async\" width=\"1024\" height=\"515\" src=\"https:\/\/bambasitos.com\/wp-content\/uploads\/2023\/03\/Logo-Domaine-Tariquet-1024x515.jpg\" alt=\"\" class=\"wp-image-449\" srcset=\"https:\/\/bambasitos.com\/wp-content\/uploads\/2023\/03\/Logo-Domaine-Tariquet-1024x515.jpg 1024w, https:\/\/bambasitos.com\/wp-content\/uploads\/2023\/03\/Logo-Domaine-Tariquet-300x151.jpg 300w, https:\/\/bambasitos.com\/wp-content\/uploads\/2023\/03\/Logo-Domaine-Tariquet-768x386.jpg 768w, https:\/\/bambasitos.com\/wp-content\/uploads\/2023\/03\/Logo-Domaine-Tariquet-1536x773.jpg 1536w, https:\/\/bambasitos.com\/wp-content\/uploads\/2023\/03\/Logo-Domaine-Tariquet-2048x1030.jpg 2048w\" sizes=\"auto, (max-width: 1024px) 100vw, 1024px\" \/><\/figure>\n<\/div>\n\n\n\n<div class=\"wp-block-column is-layout-flow wp-block-column-is-layout-flow\">\n<figure class=\"wp-block-image size-full\"><a href=\"https:\/\/www.boucherie-cugini.com\/\" target=\"_blank\" rel=\"noreferrer noopener\"><img loading=\"lazy\" decoding=\"async\" width=\"552\" height=\"397\" src=\"http:\/\/xuemcly.cluster031.hosting.ovh.net\/wp-content\/uploads\/2023\/02\/CUGINI.jpg\" alt=\"\" class=\"wp-image-210\" srcset=\"https:\/\/bambasitos.com\/wp-content\/uploads\/2023\/02\/CUGINI.jpg 552w, https:\/\/bambasitos.com\/wp-content\/uploads\/2023\/02\/CUGINI-300x216.jpg 300w\" sizes=\"auto, (max-width: 552px) 100vw, 552px\" \/><\/a><\/figure>\n\n\n\n<figure class=\"wp-block-image size-full\"><a href=\"https:\/\/www.elusaoptic.com\/\" target=\"_blank\" rel=\"noreferrer noopener\"><img loading=\"lazy\" decoding=\"async\" width=\"720\" height=\"540\" src=\"http:\/\/xuemcly.cluster031.hosting.ovh.net\/wp-content\/uploads\/2023\/02\/elusa.jpg\" alt=\"\" class=\"wp-image-211\" srcset=\"https:\/\/bambasitos.com\/wp-content\/uploads\/2023\/02\/elusa.jpg 720w, https:\/\/bambasitos.com\/wp-content\/uploads\/2023\/02\/elusa-300x225.jpg 300w\" sizes=\"auto, (max-width: 720px) 100vw, 720px\" \/><\/a><\/figure>\n\n\n\n<figure class=\"wp-block-image size-full\"><a href=\"https:\/\/www.laballe.fr\/\" target=\"_blank\" rel=\"noreferrer noopener\"><img loading=\"lazy\" decoding=\"async\" width=\"747\" height=\"405\" src=\"http:\/\/xuemcly.cluster031.hosting.ovh.net\/wp-content\/uploads\/2023\/02\/laballe.jpg\" alt=\"\" class=\"wp-image-213\" srcset=\"https:\/\/bambasitos.com\/wp-content\/uploads\/2023\/02\/laballe.jpg 747w, https:\/\/bambasitos.com\/wp-content\/uploads\/2023\/02\/laballe-300x163.jpg 300w\" sizes=\"auto, (max-width: 747px) 100vw, 747px\" \/><\/a><\/figure>\n\n\n\n<figure class=\"wp-block-image size-full\"><a href=\"http:\/\/www.domainepajot.com\/fr\/presentation-du-domaine-de-pajot\/notre-domaine\/\" target=\"_blank\" rel=\"noreferrer noopener\"><img loading=\"lazy\" decoding=\"async\" width=\"827\" height=\"472\" src=\"http:\/\/xuemcly.cluster031.hosting.ovh.net\/wp-content\/uploads\/2023\/02\/pajot.jpg\" alt=\"\" class=\"wp-image-216\" srcset=\"https:\/\/bambasitos.com\/wp-content\/uploads\/2023\/02\/pajot.jpg 827w, https:\/\/bambasitos.com\/wp-content\/uploads\/2023\/02\/pajot-300x171.jpg 300w, https:\/\/bambasitos.com\/wp-content\/uploads\/2023\/02\/pajot-768x438.jpg 768w\" sizes=\"auto, (max-width: 827px) 100vw, 827px\" \/><\/a><\/figure>\n\n\n\n<figure class=\"wp-block-image size-full\"><a href=\"https:\/\/www.facebook.com\/people\/Boulangerie-Patisserie-Tonnerre\/100063623735645\/\" target=\"_blank\" rel=\"noreferrer noopener\"><img loading=\"lazy\" decoding=\"async\" width=\"537\" height=\"343\" src=\"http:\/\/xuemcly.cluster031.hosting.ovh.net\/wp-content\/uploads\/2023\/02\/tonnerre.jpg\" alt=\"\" class=\"wp-image-219\" srcset=\"https:\/\/bambasitos.com\/wp-content\/uploads\/2023\/02\/tonnerre.jpg 537w, https:\/\/bambasitos.com\/wp-content\/uploads\/2023\/02\/tonnerre-300x192.jpg 300w\" sizes=\"auto, (max-width: 537px) 100vw, 537px\" \/><\/a><\/figure>\n\n\n\n<figure class=\"wp-block-image size-full\"><a href=\"https:\/\/www.facebook.com\/people\/CHAUSSURES-HC\/100048414295520\/\" target=\"_blank\" rel=\"noreferrer noopener\"><img loading=\"lazy\" decoding=\"async\" width=\"361\" height=\"363\" src=\"https:\/\/bambasitos.com\/wp-content\/uploads\/2023\/02\/LOGO-HC.png\" alt=\"\" class=\"wp-image-312\" srcset=\"https:\/\/bambasitos.com\/wp-content\/uploads\/2023\/02\/LOGO-HC.png 361w, https:\/\/bambasitos.com\/wp-content\/uploads\/2023\/02\/LOGO-HC-298x300.png 298w, https:\/\/bambasitos.com\/wp-content\/uploads\/2023\/02\/LOGO-HC-150x150.png 150w\" sizes=\"auto, (max-width: 361px) 100vw, 361px\" \/><\/a><\/figure>\n<\/div>\n\n\n\n<div class=\"wp-block-column is-layout-flow wp-block-column-is-layout-flow\">\n<figure class=\"wp-block-image size-large\"><a href=\"https:\/\/www.pellehaut.com\/fr\/\" target=\"_blank\" rel=\"noreferrer noopener\"><img loading=\"lazy\" decoding=\"async\" width=\"1024\" height=\"615\" src=\"http:\/\/xuemcly.cluster031.hosting.ovh.net\/wp-content\/uploads\/2023\/02\/pellehaut-1024x615.jpg\" alt=\"\" class=\"wp-image-217\" srcset=\"https:\/\/bambasitos.com\/wp-content\/uploads\/2023\/02\/pellehaut-1024x615.jpg 1024w, https:\/\/bambasitos.com\/wp-content\/uploads\/2023\/02\/pellehaut-300x180.jpg 300w, https:\/\/bambasitos.com\/wp-content\/uploads\/2023\/02\/pellehaut-768x461.jpg 768w, https:\/\/bambasitos.com\/wp-content\/uploads\/2023\/02\/pellehaut.jpg 1181w\" sizes=\"auto, (max-width: 1024px) 100vw, 1024px\" \/><\/a><\/figure>\n\n\n\n<figure class=\"wp-block-image size-full\"><a href=\"https:\/\/www.credit-agricole.fr\/ca-pyrenees-gascogne\/particulier.html\" target=\"_blank\" rel=\"noreferrer noopener\"><img loading=\"lazy\" decoding=\"async\" width=\"895\" height=\"905\" src=\"http:\/\/xuemcly.cluster031.hosting.ovh.net\/wp-content\/uploads\/2023\/02\/ca-pg.jpg\" alt=\"\" class=\"wp-image-207\" srcset=\"https:\/\/bambasitos.com\/wp-content\/uploads\/2023\/02\/ca-pg.jpg 895w, https:\/\/bambasitos.com\/wp-content\/uploads\/2023\/02\/ca-pg-297x300.jpg 297w, https:\/\/bambasitos.com\/wp-content\/uploads\/2023\/02\/ca-pg-768x777.jpg 768w\" sizes=\"auto, (max-width: 895px) 100vw, 895px\" \/><\/a><\/figure>\n\n\n\n<figure class=\"wp-block-image size-large\"><a href=\"https:\/\/www.e.leclerc\/mag\/e-leclerc-eauze\" target=\"_blank\" rel=\"noreferrer noopener\"><img loading=\"lazy\" decoding=\"async\" width=\"1024\" height=\"626\" src=\"http:\/\/xuemcly.cluster031.hosting.ovh.net\/wp-content\/uploads\/2023\/02\/leclerc-1024x626.jpg\" alt=\"\" class=\"wp-image-214\" srcset=\"https:\/\/bambasitos.com\/wp-content\/uploads\/2023\/02\/leclerc-1024x626.jpg 1024w, https:\/\/bambasitos.com\/wp-content\/uploads\/2023\/02\/leclerc-300x183.jpg 300w, https:\/\/bambasitos.com\/wp-content\/uploads\/2023\/02\/leclerc-768x470.jpg 768w, https:\/\/bambasitos.com\/wp-content\/uploads\/2023\/02\/leclerc.jpg 1063w\" sizes=\"auto, (max-width: 1024px) 100vw, 1024px\" \/><\/a><\/figure>\n\n\n\n<figure class=\"wp-block-image size-full\"><a href=\"http:\/\/www.domaine-uby.com\/\" target=\"_blank\" rel=\"noreferrer noopener\"><img loading=\"lazy\" decoding=\"async\" width=\"980\" height=\"650\" src=\"http:\/\/xuemcly.cluster031.hosting.ovh.net\/wp-content\/uploads\/2023\/02\/uby.jpg\" alt=\"\" class=\"wp-image-220\" srcset=\"https:\/\/bambasitos.com\/wp-content\/uploads\/2023\/02\/uby.jpg 980w, https:\/\/bambasitos.com\/wp-content\/uploads\/2023\/02\/uby-300x199.jpg 300w, https:\/\/bambasitos.com\/wp-content\/uploads\/2023\/02\/uby-768x509.jpg 768w\" sizes=\"auto, (max-width: 980px) 100vw, 980px\" \/><\/a><\/figure>\n\n\n\n<figure class=\"wp-block-image size-large\"><img loading=\"lazy\" decoding=\"async\" width=\"1024\" height=\"763\" src=\"https:\/\/bambasitos.com\/wp-content\/uploads\/2023\/02\/2023-02-08-16-32-1024x763.jpg\" alt=\"\" class=\"wp-image-334\" srcset=\"https:\/\/bambasitos.com\/wp-content\/uploads\/2023\/02\/2023-02-08-16-32-1024x763.jpg 1024w, https:\/\/bambasitos.com\/wp-content\/uploads\/2023\/02\/2023-02-08-16-32-300x223.jpg 300w, https:\/\/bambasitos.com\/wp-content\/uploads\/2023\/02\/2023-02-08-16-32-768x572.jpg 768w, https:\/\/bambasitos.com\/wp-content\/uploads\/2023\/02\/2023-02-08-16-32-1536x1144.jpg 1536w, https:\/\/bambasitos.com\/wp-content\/uploads\/2023\/02\/2023-02-08-16-32-2048x1526.jpg 2048w\" sizes=\"auto, (max-width: 1024px) 100vw, 1024px\" \/><\/figure>\n\n\n\n<figure class=\"wp-block-image size-full\"><img loading=\"lazy\" decoding=\"async\" width=\"320\" height=\"320\" src=\"https:\/\/bambasitos.com\/wp-content\/uploads\/2023\/03\/LOGO-LIBRAIRIE-.jpg\" alt=\"\" class=\"wp-image-448\" srcset=\"https:\/\/bambasitos.com\/wp-content\/uploads\/2023\/03\/LOGO-LIBRAIRIE-.jpg 320w, https:\/\/bambasitos.com\/wp-content\/uploads\/2023\/03\/LOGO-LIBRAIRIE--300x300.jpg 300w, https:\/\/bambasitos.com\/wp-content\/uploads\/2023\/03\/LOGO-LIBRAIRIE--150x150.jpg 150w\" sizes=\"auto, (max-width: 320px) 100vw, 320px\" \/><\/figure>\n<\/div>\n<\/div>\n\n\n\n<div class=\"wp-block-columns is-layout-flex wp-container-core-columns-is-layout-28f84493 wp-block-columns-is-layout-flex\">\n<div class=\"wp-block-column is-layout-flow wp-block-column-is-layout-flow\">\n<p>Notre charte graphique et est \u00e9l\u00e9ments visuels ont \u00e9t\u00e9 r\u00e9alis\u00e9s par : <\/p>\n<\/div>\n\n\n\n<div class=\"wp-block-column is-layout-flow wp-block-column-is-layout-flow\">\n<figure class=\"wp-block-image size-full\"><img loading=\"lazy\" decoding=\"async\" width=\"1004\" height=\"638\" src=\"https:\/\/bambasitos.com\/wp-content\/uploads\/2023\/02\/Encart-Pub-SV-2019.png\" alt=\"\" class=\"wp-image-332\" srcset=\"https:\/\/bambasitos.com\/wp-content\/uploads\/2023\/02\/Encart-Pub-SV-2019.png 1004w, https:\/\/bambasitos.com\/wp-content\/uploads\/2023\/02\/Encart-Pub-SV-2019-300x191.png 300w, https:\/\/bambasitos.com\/wp-content\/uploads\/2023\/02\/Encart-Pub-SV-2019-768x488.png 768w\" sizes=\"auto, (max-width: 1004px) 100vw, 1004px\" \/><\/figure>\n<\/div>\n<\/div>\n\n\n\n<p><strong>Merci \u00e9galement \u00e0 nos autres partenaires :<\/strong><\/p>\n\n\n\n<div class=\"wp-block-columns has-background is-layout-flex wp-container-core-columns-is-layout-28f84493 wp-block-columns-is-layout-flex\" style=\"background-color:#d3e5f1\">\n<div class=\"wp-block-column is-layout-flow wp-block-column-is-layout-flow\">\n<p>ARMAGNAC IMMO (Eauze)<br>Bar brasserie CAF\u00c9 DE FRANCE (Eauze)<br>Armagnac DUFFAU (Eauze)<br>Foie gras RAMAJO (D\u00e9mu)<br>GERS T.P. (Sainte Christie d&rsquo;Armagnac)<br>Charpentes MONTAUT (Eauze)<br>SARL BEATRICE SAURIN D\u00e9coratrice d&rsquo;int\u00e9rieur (Eauze)<br>Garage REQUENA (Eauze)<br>AXA ASSURANCES (Eauze)<br>Toiletteur BEAUT\u00c9 CANINE (Eauze)<br>CARROSSERIE KONIG (Eauze)<br>Ambulances DASTE (Eauze)<br>Station service CASSAJUS (Eauze)<br><\/p>\n<\/div>\n\n\n\n<div class=\"wp-block-column is-layout-flow wp-block-column-is-layout-flow\">\n<p>Optique FAGET (Eauze)<br>Bijouterie S. BAZERQUE (Eauze)<br>GEDIMAT &#8211; SARL MARIBON (Eauze)<br>Tabac presse cadeaux SNC MARILICE (Eauze)<br>Motoculture FOURNET (Eauze)<br>Elec. gale \/ \u00e9lectrom\u00e9nager DEPIS LAUTH (Eauze)<br>Electrom\u00e9nager PRO &amp; CIE &#8211; SARL LAFFARGUE (Eauze)<br>Pizzeria LA TRATTORIA (Eauze)<br>MR. BRICOLAGE (Eauze)<br>BANQUE POPULAIRE OCCITANE (Eauze)<br>Coiffure Bertozzi (Eauze)<br>Librairie Papeterie CORBEL (Eauze)<\/p>\n<\/div>\n<\/div>\n\n\n\n<p><\/p>\n","protected":false},"excerpt":{"rendered":"<p>Partenaires priv\u00e9s Notre charte graphique et est \u00e9l\u00e9ments visuels ont \u00e9t\u00e9 r\u00e9alis\u00e9s par : Merci \u00e9galement \u00e0 nos autres partenaires : ARMAGNAC IMMO (Eauze)Bar brasserie CAF\u00c9 DE FRANCE (Eauze)Armagnac DUFFAU (Eauze)Foie gras RAMAJO (D\u00e9mu)GERS T.P. (Sainte Christie d&rsquo;Armagnac)Charpentes MONTAUT (Eauze)SARL BEATRICE SAURIN D\u00e9coratrice d&rsquo;int\u00e9rieur (Eauze)Garage REQUENA (Eauze)AXA ASSURANCES (Eauze)Toiletteur BEAUT\u00c9 CANINE (Eauze)CARROSSERIE KONIG (Eauze)Ambulances DASTE [&hellip;]<\/p>\n","protected":false},"author":1,"featured_media":0,"parent":0,"menu_order":0,"comment_status":"closed","ping_status":"closed","template":"","meta":{"_themeisle_gutenberg_block_has_review":false,"footnotes":""},"class_list":["post-63","page","type-page","status-publish","hentry"],"jetpack_sharing_enabled":true,"_links":{"self":[{"href":"https:\/\/bambasitos.com\/index.php\/wp-json\/wp\/v2\/pages\/63","targetHints":{"allow":["GET"]}}],"collection":[{"href":"https:\/\/bambasitos.com\/index.php\/wp-json\/wp\/v2\/pages"}],"about":[{"href":"https:\/\/bambasitos.com\/index.php\/wp-json\/wp\/v2\/types\/page"}],"author":[{"embeddable":true,"href":"https:\/\/bambasitos.com\/index.php\/wp-json\/wp\/v2\/users\/1"}],"replies":[{"embeddable":true,"href":"https:\/\/bambasitos.com\/index.php\/wp-json\/wp\/v2\/comments?post=63"}],"version-history":[{"count":24,"href":"https:\/\/bambasitos.com\/index.php\/wp-json\/wp\/v2\/pages\/63\/revisions"}],"predecessor-version":[{"id":1605,"href":"https:\/\/bambasitos.com\/index.php\/wp-json\/wp\/v2\/pages\/63\/revisions\/1605"}],"wp:attachment":[{"href":"https:\/\/bambasitos.com\/index.php\/wp-json\/wp\/v2\/media?parent=63"}],"curies":[{"name":"wp","href":"https:\/\/api.w.org\/{rel}","templated":true}]}}